{"id":622,"date":"2019-05-02T23:25:14","date_gmt":"2019-05-02T23:25:14","guid":{"rendered":"https:\/\/punkt.msfts.ovh\/rolunk\/"},"modified":"2026-01-18T12:07:13","modified_gmt":"2026-01-18T11:07:13","slug":"about","status":"publish","type":"page","link":"https:\/\/punkt.hu\/en\/about\/","title":{"rendered":"About"},"content":{"rendered":"<div id=\"pl-622\"  class=\"panel-layout\" ><div id=\"pg-622-0\"  class=\"panel-grid panel-has-style\" ><div class=\"panel-row-style panel-row-style-for-622-0\" ><div id=\"pgc-622-0-0\"  class=\"panel-grid-cell\" ><div id=\"panel-622-0-0-0\" class=\"so-panel widget widget_sow-editor panel-first-child panel-last-child\" data-index=\"0\" ><div class=\"panel-widget-style panel-widget-style-for-622-0-0-0\" ><div class=\"so-widget-sow-editor so-widget-sow-editor-base\">\n<div class=\"siteorigin-widget-tinymce textwidget\">\n\t<p><span style=\"font-weight: 400;\">The online photography magazine\u00a0<\/span><b>Punkt<\/b><span style=\"font-weight: 400;\">\u00a0presents \u2013 in Hungarian and English \u2013 international developments in the field of photographic art, focusing on accomplishments in Hungary and in other parts of Central and Eastern Europe.<\/span><\/p>\n<p><b>Punkt<\/b><span style=\"font-weight: 400;\">\u00a0supports those aspirations and endeavours that seek, in a progressive and critical way, to promote Hungarian and international accomplishments in photography, including artworks, exhibitions, albums, and theoretical or historical works.<\/span><\/p>\n<p><b>Punkt\u2019s\u00a0<\/b><span style=\"font-weight: 400;\">point of view\/approach, however, goes beyond photography alone, extending to the various branches of photography and the visual arts as well as to the relationship between photography and film.<\/span><\/p>\n<p><b>Punkt\u2019s\u00a0<\/b><span style=\"font-weight: 400;\">aim is to explore photography based on professional criteria and in a straightforward manner, thereby offering quality content not only to photography professionals but also to those with an interest in the subject matter. Concurrently, it seeks a dialogue with international photographers, artists and institutions.<\/span><\/p>\n<p><b>Founding Editor-in-Chief<br \/>\n<\/b><span style=\"font-weight: 400;\">P\u00e9ter BAKI<br \/>\n<\/span><a href=\"mailto:peter.baki@punkt.hu\"><span style=\"font-weight: 400;\">peter.baki@punkt.hu<\/span><\/a><\/p>\n<p><b>Editor<br \/>\n<\/b><span style=\"font-weight: 400;\">L\u00e1szl\u00f3 BAKI<br \/>\n+36 30 250 0420<br \/>\n<\/span><a href=\"mailto:laszlo.baki@punkt.hu\"><span style=\"font-weight: 400;\">laszlo.baki@punkt.hu<\/span><\/a><br \/>\n<a href=\"mailto:info@punkt.hu\"><span style=\"font-weight: 400;\">info@punkt.hu<\/span><\/a><\/p>\n<p><b>Our Authors<\/b><\/p>\n<p><span style=\"font-weight: 400;\">Vera A FEH\u00c9R, Tam\u00e1s AKNAI, APPERLY Eliza, Judit \u00c1RVA, L\u00e1szl\u00f3 BAKI, P\u00e9ter BAKI, Petra BAKOS, Kata BAL\u00c1ZS, M\u00e1rton BALLAG\u00d3, Vikt\u00f3ria BALOGH, Szabolcs BARAKONYI, Fl\u00f3ra BARK\u00d3CZI, Edit BARTA, M\u00e1t\u00e9 BARTHA, T\u00edmea BATA, Andr\u00e1s B\u00c1N, Kata BENEDEK, Imre BENK\u0150, S\u00e1ndor BENK\u0150, Ferenc BERN\u00c1TSKY, \u00c1gnes BIHARI, D\u00e1vid BIR\u00d3, Eszter B\u00cdR\u00d3, Benedek BOGN\u00c1R, R\u00e9ka BOHUS, Andrea BORD\u00c1CS, Lili BOROS, David CAMPANY, P\u00e9ter CS\u00c1KV\u00c1RI, Gy\u00f6rgy CS\u00c9KA, Endre CSERNA, M\u00e1ty\u00e1s CSISZ\u00c1R, Gabriella CSIZEK, G\u00e9za CS\u0150SZ, Zsuzsa DARAB, M\u00e1t\u00e9 DI\u00d3SI, \u00c1gnes EPERJESI, Zsuzsa FARKAS, Zolt\u00e1n Gy\u00f6rgy FEJ\u00c9R, Fl\u00f3ra GAD\u00d3, Bal\u00e1zs G\u00c1SP\u00c1R, Hanga GEBAUER, Carlos GOLLONET, M\u00e1ria Magdolna GONDOS, Kathleen GROSSET, Zsolt GYENES, Tibor GYENIS, Eszter GY\u00d6NGY\u00d6SI, Veronika HERMANN, G\u00e9za HERN\u00c1D, S\u00e1ndor HORNYIK, Vikt\u00f3ria HORV\u00c1TH, Bea ISTV\u00c1NK\u00d3, \u00c1d\u00e1m JENESES, Nadia JOLIVET, Bence M\u00e1dhava KALM\u00c1R, G\u00e1bor KASZA, Anna KASZTOVSZKY, M\u00e1rton K\u00c1LLAI, Anna K\u00c9RCHY, G\u00e1sp\u00e1r K\u00c9RI, Imre KISS, \u00c1rp\u00e1d KISS-KUNTLER, Korn\u00e9l KOCS\u00c1NY, Stella KOLESZ\u00c1R, R\u00f3na KOPECKY, Katalin KOPIN, Gell\u00e9rt KOV\u00c1CS, D\u00e1niel KOVALOVSZKY, Zolt\u00e1n K\u00d6R\u00d6SV\u00d6LGYI, Arion G\u00e1bor KUD\u00c1SZ, Laurence Le GUEN, Zsanett LENGYEL, Ferenc MARGL, Wanda MARTIN, Douglas MCCULLOH, Fl\u00f3ra M\u00c9SZ\u00c1ROS, Tibor MILT\u00c9NYI, Arsalan MOHAMMAD, Szilvia MUCSY, Izabella NAGY, Tam\u00e1s Domonkos N\u00c9METH, Gy\u00f6rgy N\u00c9METH, M\u00f3nika N\u00c9METH, Lujza N\u00c9NYEI, Gy\u00f6ngyi P\u00c1L, Anna PALK\u00d3, M\u00e1ria PECSICS, Mary PELLETIER, Mikl\u00f3s PETERN\u00c1K, Zsolt PETR\u00c1NYI, D\u00e1vid Dr. PETR\u00c9TEI, G\u00e1bor PFISZTNER, Marcell PITI, Zs\u00f3fia PUSZT, RAJCOV\u00c1 Jana, Zs\u00f3fia R\u00c1TKAI, Johanna RIEGER, Anik\u00f3 ROBITZ, Liza SAS, Vanda S\u00c1RAI, Judit S\u00c1ROSDY, Zita S\u00c1RV\u00c1RI, Judit Fl\u00f3ra SCHULLER, Kati SIMON, Zs\u00f3fia SIV\u00c1K, Zs\u00f3fia SOMOGYI, Rita SOMOSI, Zs\u00f3fia SP\u00c9DER, Gy\u00f6rgy STALTER, Benedek SZAB\u00d3, Dezs\u0151 SZAB\u00d3, Emma SZAB\u00d3, Liliom SZAB\u00d3, B\u00edborka Emese SZAK\u00c1CS, Lilla SZ\u00c1SZ, Katalin SZ\u00c9KELY, Gerda SZ\u00c9PLAKY, Bal\u00e1zs SZIGLIGETI, Hanna Szonja SZUROP, F\u00e1bi\u00e1n TAK\u00c1TS, Andrea TARCZALI, \u00c1gnes TELEK-NAY, Gergely TIM\u00c1R, Can TOGAY, Andr\u00e1s T\u00d6R\u00d6K, Kl\u00e1ra T\u0150RY, Orsolya UDVARI, Gabriella UHL, Krisztina \u00dcVEGES, \u00c1gi VEDRES, Istv\u00e1n VIR\u00c1GV\u00d6LGYI, Tibor WEHNER, S\u00e1ri ZAGYVAI, Barnab\u00e1s ZEML\u00c9NYI-KOV\u00c1CS<\/span><\/p>\n<p><b>Publisher<br \/>\n<\/b><span style=\"font-weight: 400;\">Established 2019<br \/>\n<\/span><span style=\"font-weight: 400;\">The Hungarian Foundation of Photography<br \/>\n<\/span><span style=\"font-weight: 400;\">6000 Kecskem\u00e9t, Katona J\u00f3zsef t\u00e9r 12.<\/span><span style=\"font-weight: 400;\"><br \/>\n<\/span><span style=\"font-weight: 400;\">Registration number: 01-01-0001106<br \/>\n<\/span><span style=\"font-weight: 400;\">Tax number: 19654803-1-03<br \/>\n<\/span><span style=\"font-weight: 400;\">Bank account: OTP 11732002-20405548-00000000<\/span><b><\/b><\/p>\n<p><a href=\"https:\/\/punkt.hu\/en\/data-management-and-privacy-policy\/\"><span style=\"font-weight: 400;\">Data Management and Privacy Policy<\/span><\/a><\/p>\n<\/div>\n<\/div><\/div><\/div><\/div><\/div><\/div><\/div>","protected":false},"excerpt":{"rendered":"<p>The online photography magazine\u00a0Punkt\u00a0presents \u2013 in Hungarian and English \u2013 international developments in the field of photographic art, focusing on accomplishments in Hungary and in other parts of Central and Eastern Europe. Punkt\u00a0supports those aspirations and endeavours that seek, in a progressive and critical way, to promote Hungarian and international accomplishments in photography, including artworks, [&hellip;]<\/p>\n","protected":false},"author":1,"featured_media":0,"parent":0,"menu_order":0,"comment_status":"closed","ping_status":"closed","template":"","meta":{"_monsterinsights_skip_tracking":false,"_monsterinsights_sitenote_active":false,"_monsterinsights_sitenote_note":"","_monsterinsights_sitenote_category":0,"spay_email":""},"acf":[],"yoast_head":"<!-- This site is optimized with the Yoast SEO plugin v17.6 - https:\/\/yoast.com\/wordpress\/plugins\/seo\/ -->\n<title>About - PUNKT<\/title>\n<meta name=\"description\" content=\"The online photography magazine Punkt presents \u2013 in Hungarian and English \u2013 international developments in in the field of photographic art.\" \/>\n<meta name=\"robots\" content=\"index, follow, max-snippet:-1, max-image-preview:large, max-video-preview:-1\" \/>\n<link rel=\"canonical\" href=\"https:\/\/punkt.hu\/en\/about\/\" \/>\n<meta property=\"og:locale\" content=\"en_US\" \/>\n<meta property=\"og:type\" content=\"article\" \/>\n<meta property=\"og:title\" content=\"About - PUNKT\" \/>\n<meta property=\"og:description\" content=\"The online photography magazine Punkt presents \u2013 in Hungarian and English \u2013 international developments in in the field of photographic art.\" \/>\n<meta property=\"og:url\" content=\"https:\/\/punkt.hu\/en\/about\/\" \/>\n<meta property=\"og:site_name\" content=\"PUNKT\" \/>\n<meta property=\"article:modified_time\" content=\"2026-01-18T11:07:13+00:00\" \/>\n<meta name=\"twitter:card\" content=\"summary_large_image\" \/>\n<meta name=\"twitter:label1\" content=\"Est. reading time\" \/>\n\t<meta name=\"twitter:data1\" content=\"2 minutes\" \/>\n<script type=\"application\/ld+json\" class=\"yoast-schema-graph\">{\"@context\":\"https:\/\/schema.org\",\"@graph\":[{\"@type\":\"Organization\",\"@id\":\"https:\/\/punkt.hu\/#organization\",\"name\":\"PUNKT\",\"url\":\"https:\/\/punkt.hu\/\",\"sameAs\":[\"https:\/\/www.instagram.com\/punkt.hu\/\"],\"logo\":{\"@type\":\"ImageObject\",\"@id\":\"https:\/\/punkt.hu\/#logo\",\"inLanguage\":\"en-US\",\"url\":\"https:\/\/i2.wp.com\/punkt.hu\/wp-content\/uploads\/2019\/05\/punkt-rolunk-01.png?fit=729%2C529&ssl=1\",\"contentUrl\":\"https:\/\/i2.wp.com\/punkt.hu\/wp-content\/uploads\/2019\/05\/punkt-rolunk-01.png?fit=729%2C529&ssl=1\",\"width\":729,\"height\":529,\"caption\":\"PUNKT\"},\"image\":{\"@id\":\"https:\/\/punkt.hu\/#logo\"}},{\"@type\":\"WebSite\",\"@id\":\"https:\/\/punkt.hu\/#website\",\"url\":\"https:\/\/punkt.hu\/\",\"name\":\"PUNKT\",\"description\":\"PUNKT\",\"publisher\":{\"@id\":\"https:\/\/punkt.hu\/#organization\"},\"potentialAction\":[{\"@type\":\"SearchAction\",\"target\":{\"@type\":\"EntryPoint\",\"urlTemplate\":\"https:\/\/punkt.hu\/?s={search_term_string}\"},\"query-input\":\"required name=search_term_string\"}],\"inLanguage\":\"en-US\"},{\"@type\":\"WebPage\",\"@id\":\"https:\/\/punkt.hu\/en\/about\/#webpage\",\"url\":\"https:\/\/punkt.hu\/en\/about\/\",\"name\":\"About - PUNKT\",\"isPartOf\":{\"@id\":\"https:\/\/punkt.hu\/#website\"},\"datePublished\":\"2019-05-02T23:25:14+00:00\",\"dateModified\":\"2026-01-18T11:07:13+00:00\",\"description\":\"The online photography magazine Punkt presents \\u2013 in Hungarian and English \\u2013 international developments in in the field of photographic art.\",\"breadcrumb\":{\"@id\":\"https:\/\/punkt.hu\/en\/about\/#breadcrumb\"},\"inLanguage\":\"en-US\",\"potentialAction\":[{\"@type\":\"ReadAction\",\"target\":[\"https:\/\/punkt.hu\/en\/about\/\"]}]},{\"@type\":\"BreadcrumbList\",\"@id\":\"https:\/\/punkt.hu\/en\/about\/#breadcrumb\",\"itemListElement\":[{\"@type\":\"ListItem\",\"position\":1,\"name\":\"Home\",\"item\":\"https:\/\/punkt.hu\/en\/\"},{\"@type\":\"ListItem\",\"position\":2,\"name\":\"About\"}]}]}<\/script>\n<!-- \/ Yoast SEO plugin. -->","yoast_head_json":{"title":"About - PUNKT","description":"The online photography magazine Punkt presents \u2013 in Hungarian and English \u2013 international developments in in the field of photographic art.","robots":{"index":"index","follow":"follow","max-snippet":"max-snippet:-1","max-image-preview":"max-image-preview:large","max-video-preview":"max-video-preview:-1"},"canonical":"https:\/\/punkt.hu\/en\/about\/","og_locale":"en_US","og_type":"article","og_title":"About - PUNKT","og_description":"The online photography magazine Punkt presents \u2013 in Hungarian and English \u2013 international developments in in the field of photographic art.","og_url":"https:\/\/punkt.hu\/en\/about\/","og_site_name":"PUNKT","article_modified_time":"2026-01-18T11:07:13+00:00","twitter_card":"summary_large_image","twitter_misc":{"Est. reading time":"2 minutes"},"schema":{"@context":"https:\/\/schema.org","@graph":[{"@type":"Organization","@id":"https:\/\/punkt.hu\/#organization","name":"PUNKT","url":"https:\/\/punkt.hu\/","sameAs":["https:\/\/www.instagram.com\/punkt.hu\/"],"logo":{"@type":"ImageObject","@id":"https:\/\/punkt.hu\/#logo","inLanguage":"en-US","url":"https:\/\/i2.wp.com\/punkt.hu\/wp-content\/uploads\/2019\/05\/punkt-rolunk-01.png?fit=729%2C529&ssl=1","contentUrl":"https:\/\/i2.wp.com\/punkt.hu\/wp-content\/uploads\/2019\/05\/punkt-rolunk-01.png?fit=729%2C529&ssl=1","width":729,"height":529,"caption":"PUNKT"},"image":{"@id":"https:\/\/punkt.hu\/#logo"}},{"@type":"WebSite","@id":"https:\/\/punkt.hu\/#website","url":"https:\/\/punkt.hu\/","name":"PUNKT","description":"PUNKT","publisher":{"@id":"https:\/\/punkt.hu\/#organization"},"potentialAction":[{"@type":"SearchAction","target":{"@type":"EntryPoint","urlTemplate":"https:\/\/punkt.hu\/?s={search_term_string}"},"query-input":"required name=search_term_string"}],"inLanguage":"en-US"},{"@type":"WebPage","@id":"https:\/\/punkt.hu\/en\/about\/#webpage","url":"https:\/\/punkt.hu\/en\/about\/","name":"About - PUNKT","isPartOf":{"@id":"https:\/\/punkt.hu\/#website"},"datePublished":"2019-05-02T23:25:14+00:00","dateModified":"2026-01-18T11:07:13+00:00","description":"The online photography magazine Punkt presents \u2013 in Hungarian and English \u2013 international developments in in the field of photographic art.","breadcrumb":{"@id":"https:\/\/punkt.hu\/en\/about\/#breadcrumb"},"inLanguage":"en-US","potentialAction":[{"@type":"ReadAction","target":["https:\/\/punkt.hu\/en\/about\/"]}]},{"@type":"BreadcrumbList","@id":"https:\/\/punkt.hu\/en\/about\/#breadcrumb","itemListElement":[{"@type":"ListItem","position":1,"name":"Home","item":"https:\/\/punkt.hu\/en\/"},{"@type":"ListItem","position":2,"name":"About"}]}]}},"_links":{"self":[{"href":"https:\/\/punkt.hu\/en\/wp-json\/wp\/v2\/pages\/622"}],"collection":[{"href":"https:\/\/punkt.hu\/en\/wp-json\/wp\/v2\/pages"}],"about":[{"href":"https:\/\/punkt.hu\/en\/wp-json\/wp\/v2\/types\/page"}],"author":[{"embeddable":true,"href":"https:\/\/punkt.hu\/en\/wp-json\/wp\/v2\/users\/1"}],"replies":[{"embeddable":true,"href":"https:\/\/punkt.hu\/en\/wp-json\/wp\/v2\/comments?post=622"}],"version-history":[{"count":62,"href":"https:\/\/punkt.hu\/en\/wp-json\/wp\/v2\/pages\/622\/revisions"}],"predecessor-version":[{"id":96387,"href":"https:\/\/punkt.hu\/en\/wp-json\/wp\/v2\/pages\/622\/revisions\/96387"}],"wp:attachment":[{"href":"https:\/\/punkt.hu\/en\/wp-json\/wp\/v2\/media?parent=622"}],"curies":[{"name":"wp","href":"https:\/\/api.w.org\/{rel}","templated":true}]}}